{"id":6,"date":"2023-05-11T10:23:04","date_gmt":"2023-05-11T08:23:04","guid":{"rendered":"https:\/\/bohaterowiewiekow.com\/?page_id=6"},"modified":"2023-06-30T14:14:30","modified_gmt":"2023-06-30T12:14:30","slug":"strona-glowna","status":"publish","type":"page","link":"https:\/\/bohaterowiewiekow.com\/index.php\/strona-glowna\/","title":{"rendered":"Strona g\u0142\u00f3wna"},"content":{"rendered":"\t\t<div data-elementor-type=\"wp-page\" data-elementor-id=\"6\" class=\"elementor elementor-6\">\n\t\t\t\t\t\t\t\t\t<header class=\"elementor-section elementor-top-section elementor-element elementor-element-e188f4d elementor-section-boxed elementor-section-height-default elementor-section-height-default\" data-id=\"e188f4d\" data-element_type=\"section\" data-settings=\"{&quot;background_background&quot;:&quot;classic&quot;,&quot;shape_divider_bottom&quot;:&quot;pyramids&quot;}\">\n\t\t\t\t\t\t\t<div class=\"elementor-background-overlay\"><\/div>\n\t\t\t\t\t\t<div class=\"elementor-shape elementor-shape-bottom\" data-negative=\"false\">\n\t\t\t<svg xmlns=\"http:\/\/www.w3.org\/2000\/svg\" viewBox=\"0 0 1000 100\" preserveAspectRatio=\"none\">\n\t<path class=\"elementor-shape-fill\" d=\"M761.9,44.1L643.1,27.2L333.8,98L0,3.8V0l1000,0v3.9\"\/>\n<\/svg>\t\t<\/div>\n\t\t\t\t\t<div class=\"elementor-container elementor-column-gap-default\">\n\t\t\t\t\t<div class=\"elementor-column elementor-col-100 elementor-top-column elementor-element elementor-element-1c041d31\" data-id=\"1c041d31\" data-element_type=\"column\">\n\t\t\t<div class=\"elementor-widget-wrap elementor-element-populated\">\n\t\t\t\t\t\t\t\t<div class=\"elementor-element elementor-element-1f79954a elementor-invisible elementor-widget elementor-widget-heading\" data-id=\"1f79954a\" data-element_type=\"widget\" data-settings=\"{&quot;_animation&quot;:&quot;fadeIn&quot;}\" data-widget_type=\"heading.default\">\n\t\t\t\t<div class=\"elementor-widget-container\">\n\t\t\t<style>\/*! elementor - v3.13.1 - 09-05-2023 *\/\n.elementor-heading-title{padding:0;margin:0;line-height:1}.elementor-widget-heading .elementor-heading-title[class*=elementor-size-]>a{color:inherit;font-size:inherit;line-height:inherit}.elementor-widget-heading .elementor-heading-title.elementor-size-small{font-size:15px}.elementor-widget-heading .elementor-heading-title.elementor-size-medium{font-size:19px}.elementor-widget-heading .elementor-heading-title.elementor-size-large{font-size:29px}.elementor-widget-heading .elementor-heading-title.elementor-size-xl{font-size:39px}.elementor-widget-heading .elementor-heading-title.elementor-size-xxl{font-size:59px}<\/style><h1 class=\"elementor-heading-title elementor-size-default\">bohaterowie wiek\u00f3w<\/h1>\t\t<\/div>\n\t\t\t\t<\/div>\n\t\t\t\t<div class=\"elementor-element elementor-element-753cfd81 elementor-invisible elementor-widget elementor-widget-text-editor\" data-id=\"753cfd81\" data-element_type=\"widget\" data-settings=\"{&quot;_animation&quot;:&quot;fadeIn&quot;}\" data-widget_type=\"text-editor.default\">\n\t\t\t\t<div class=\"elementor-widget-container\">\n\t\t\t<style>\/*! elementor - v3.13.1 - 09-05-2023 *\/\n.elementor-widget-text-editor.elementor-drop-cap-view-stacked .elementor-drop-cap{background-color:#69727d;color:#fff}.elementor-widget-text-editor.elementor-drop-cap-view-framed .elementor-drop-cap{color:#69727d;border:3px solid;background-color:transparent}.elementor-widget-text-editor:not(.elementor-drop-cap-view-default) .elementor-drop-cap{margin-top:8px}.elementor-widget-text-editor:not(.elementor-drop-cap-view-default) .elementor-drop-cap-letter{width:1em;height:1em}.elementor-widget-text-editor .elementor-drop-cap{float:left;text-align:center;line-height:1;font-size:50px}.elementor-widget-text-editor .elementor-drop-cap-letter{display:inline-block}<\/style>\t\t\t\t<p>Strona z grami planszowymi oraz materia\u0142ami edukacyjnymi <br \/>na temat wa\u017cnych postaci historycznych<\/p>\t\t\t\t\t\t<\/div>\n\t\t\t\t<\/div>\n\t\t\t\t\t<\/div>\n\t\t<\/div>\n\t\t\t\t\t\t\t<\/div>\n\t\t<\/header>\n\t\t\t\t<section class=\"elementor-section elementor-top-section elementor-element elementor-element-d475ed3 elementor-section-boxed elementor-section-height-default elementor-section-height-default\" data-id=\"d475ed3\" data-element_type=\"section\">\n\t\t\t\t\t\t<div class=\"elementor-container elementor-column-gap-default\">\n\t\t\t\t\t<div class=\"elementor-column elementor-col-25 elementor-top-column elementor-element elementor-element-46a8f23\" data-id=\"46a8f23\" data-element_type=\"column\">\n\t\t\t<div class=\"elementor-widget-wrap elementor-element-populated\">\n\t\t\t\t\t\t\t\t<div class=\"elementor-element elementor-element-094554f elementor-invisible elementor-widget elementor-widget-image\" data-id=\"094554f\" data-element_type=\"widget\" data-settings=\"{&quot;_animation&quot;:&quot;fadeInLeft&quot;}\" data-widget_type=\"image.default\">\n\t\t\t\t<div class=\"elementor-widget-container\">\n\t\t\t<style>\/*! elementor - v3.13.1 - 09-05-2023 *\/\n.elementor-widget-image{text-align:center}.elementor-widget-image a{display:inline-block}.elementor-widget-image a img[src$=\".svg\"]{width:48px}.elementor-widget-image img{vertical-align:middle;display:inline-block}<\/style>\t\t\t\t\t\t\t\t\t\t\t\t\t<a href=\"https:\/\/bohaterowiewiekow.com\/index.php\/bohaterowie-wykleci\/\">\n\t\t\t\t\t\t\t<img decoding=\"async\" width=\"595\" height=\"842\" src=\"https:\/\/bohaterowiewiekow.com\/wp-content\/uploads\/2023\/06\/logo-fundacja-pzu-pion_rgb.jpg\" class=\"attachment-large size-large wp-image-433\" alt=\"\" loading=\"lazy\" srcset=\"https:\/\/bohaterowiewiekow.com\/wp-content\/uploads\/2023\/06\/logo-fundacja-pzu-pion_rgb.jpg 595w, https:\/\/bohaterowiewiekow.com\/wp-content\/uploads\/2023\/06\/logo-fundacja-pzu-pion_rgb-212x300.jpg 212w\" sizes=\"(max-width: 595px) 100vw, 595px\" \/>\t\t\t\t\t\t\t\t<\/a>\n\t\t\t\t\t\t\t\t\t\t\t\t\t\t\t<\/div>\n\t\t\t\t<\/div>\n\t\t\t\t\t<\/div>\n\t\t<\/div>\n\t\t\t\t<div class=\"elementor-column elementor-col-25 elementor-top-column elementor-element elementor-element-c23074b\" data-id=\"c23074b\" data-element_type=\"column\">\n\t\t\t<div class=\"elementor-widget-wrap elementor-element-populated\">\n\t\t\t\t\t\t\t\t<div class=\"elementor-element elementor-element-653e3f6 elementor-invisible elementor-widget elementor-widget-image\" data-id=\"653e3f6\" data-element_type=\"widget\" data-settings=\"{&quot;_animation&quot;:&quot;fadeInRight&quot;}\" data-widget_type=\"image.default\">\n\t\t\t\t<div class=\"elementor-widget-container\">\n\t\t\t\t\t\t\t\t\t\t\t\t\t\t\t\t<a href=\"https:\/\/bohaterowiewiekow.com\/index.php\/bohaterowie-wykleci\/\">\n\t\t\t\t\t\t\t<img decoding=\"async\" width=\"798\" height=\"241\" src=\"https:\/\/bohaterowiewiekow.com\/wp-content\/uploads\/2023\/06\/Fundacja-Fylion-logo-e1589192617559.png\" class=\"attachment-large size-large wp-image-435\" alt=\"\" loading=\"lazy\" srcset=\"https:\/\/bohaterowiewiekow.com\/wp-content\/uploads\/2023\/06\/Fundacja-Fylion-logo-e1589192617559.png 798w, https:\/\/bohaterowiewiekow.com\/wp-content\/uploads\/2023\/06\/Fundacja-Fylion-logo-e1589192617559-300x91.png 300w, https:\/\/bohaterowiewiekow.com\/wp-content\/uploads\/2023\/06\/Fundacja-Fylion-logo-e1589192617559-768x232.png 768w\" sizes=\"(max-width: 798px) 100vw, 798px\" \/>\t\t\t\t\t\t\t\t<\/a>\n\t\t\t\t\t\t\t\t\t\t\t\t\t\t\t<\/div>\n\t\t\t\t<\/div>\n\t\t\t\t\t<\/div>\n\t\t<\/div>\n\t\t\t\t<div class=\"elementor-column elementor-col-50 elementor-top-column elementor-element elementor-element-2138949\" data-id=\"2138949\" data-element_type=\"column\">\n\t\t\t<div class=\"elementor-widget-wrap elementor-element-populated\">\n\t\t\t\t\t\t\t\t<div class=\"elementor-element elementor-element-559ecef elementor-invisible elementor-widget elementor-widget-text-editor\" data-id=\"559ecef\" data-element_type=\"widget\" data-settings=\"{&quot;_animation&quot;:&quot;fadeInDown&quot;}\" data-widget_type=\"text-editor.default\">\n\t\t\t\t<div class=\"elementor-widget-container\">\n\t\t\t\t\t\t\t<p>Dzi\u0119ki otrzymaniu dofinansowania ze \u015brodk\u00f3w Fundacji PZU, jako Fundacja Fylion w ramach projektu &#8222;\u017bo\u0142nierze wykl\u0119ci &#8211; planszowa gra edukacyjna&#8221;, opracowali\u015bmy i wydali\u015bmy planszow\u0105 gr\u0119 edukacyjn\u0105 o nazwie &#8222;Bohaterowie Wykl\u0119ci&#8221;.<\/p>\n<p>Opracowane egzemplarze gry planszowej trafi\u0142y do stu szk\u00f3\u0142 i bibliotek z ca\u0142ej Polski, gdzie dzieci i m\u0142odzie\u017c b\u0119d\u0105 mieli mo\u017cliwo\u015b\u0107 zapozna\u0107 si\u0119 z najwa\u017cniejszymi postaciami oraz wydarzeniami zwi\u0105zanymi z polskim podziemiem niepodleg\u0142o\u015bciowym, walcz\u0105cym z systemem komunistycznym w Polsce po zako\u0144czeniu II Wojny \u015awiatowej.<\/p>\n<p>Ka\u017cda karta u\u017cywana w grze posiada kod qr, kt\u00f3ry zawiera odno\u015bnik do strony internetowej, na kt\u00f3rej uczniowie maj\u0105 mo\u017cliwo\u015b\u0107 znale\u017a\u0107 dodatkowe informacje na temat postaci i zdarze\u0144 tego okresu historii Polski. Zapraszamy na stron\u0119 internetow\u0105 projektu, gdzie mo\u017cna zapozna\u0107 si\u0119 z instrukcj\u0105 gry oraz najwa\u017cniejszymi postaciami i wydarzeniami tamtych czas\u00f3w.<\/p><p>Link do strony znajduje si\u0119 <a href=\"https:\/\/bohaterowiewiekow.com\/index.php\/bohaterowie-wykleci\/\" target=\"_blank\">TUTAJ<\/a><\/p>\n<p><br><\/p>\t\t\t\t\t\t<\/div>\n\t\t\t\t<\/div>\n\t\t\t\t\t<\/div>\n\t\t<\/div>\n\t\t\t\t\t\t\t<\/div>\n\t\t<\/section>\n\t\t\t\t<section class=\"elementor-section elementor-top-section elementor-element elementor-element-4b01daeb elementor-section-height-min-height elementor-section-boxed elementor-section-height-default elementor-section-items-middle\" data-id=\"4b01daeb\" data-element_type=\"section\" data-settings=\"{&quot;background_background&quot;:&quot;classic&quot;,&quot;shape_divider_top&quot;:&quot;pyramids&quot;}\">\n\t\t\t\t\t\t\t<div class=\"elementor-background-overlay\"><\/div>\n\t\t\t\t\t\t<div class=\"elementor-shape elementor-shape-top\" data-negative=\"false\">\n\t\t\t<svg xmlns=\"http:\/\/www.w3.org\/2000\/svg\" viewBox=\"0 0 1000 100\" preserveAspectRatio=\"none\">\n\t<path class=\"elementor-shape-fill\" d=\"M761.9,44.1L643.1,27.2L333.8,98L0,3.8V0l1000,0v3.9\"\/>\n<\/svg>\t\t<\/div>\n\t\t\t\t\t<div class=\"elementor-container elementor-column-gap-default\">\n\t\t\t\t\t<div class=\"elementor-column elementor-col-100 elementor-top-column elementor-element elementor-element-fb9432b\" data-id=\"fb9432b\" data-element_type=\"column\">\n\t\t\t<div class=\"elementor-widget-wrap\">\n\t\t\t\t\t\t\t\t\t<\/div>\n\t\t<\/div>\n\t\t\t\t\t\t\t<\/div>\n\t\t<\/section>\n\t\t\t\t<section class=\"elementor-section elementor-top-section elementor-element elementor-element-793a28d elementor-section-boxed elementor-section-height-default elementor-section-height-default\" data-id=\"793a28d\" data-element_type=\"section\">\n\t\t\t\t\t\t<div class=\"elementor-container elementor-column-gap-default\">\n\t\t\t\t\t<div class=\"elementor-column elementor-col-100 elementor-top-column elementor-element elementor-element-4e22685\" data-id=\"4e22685\" data-element_type=\"column\">\n\t\t\t<div class=\"elementor-widget-wrap elementor-element-populated\">\n\t\t\t\t\t\t\t\t<div class=\"elementor-element elementor-element-972ac05 elementor-widget elementor-widget-text-editor\" data-id=\"972ac05\" data-element_type=\"widget\" data-widget_type=\"text-editor.default\">\n\t\t\t\t<div class=\"elementor-widget-container\">\n\t\t\t\t\t\t\t<p>Zdj\u0119cia u\u017cyte na stronie pochodz\u0105 z zasob\u00f3w <a href=\"https:\/\/ipn.gov.pl\/pl\/dla-mediow\/materialy-do-pobrania\/160141,Narodowy-Dzien-Pamieci-Zolnierzy-Wykletych-zdjecia-z-Archiwum-IPN-do-pobrania.html\" target=\"_blank\" rel=\"noopener\">archiwum IPN<\/a><\/p>\t\t\t\t\t\t<\/div>\n\t\t\t\t<\/div>\n\t\t\t\t\t<\/div>\n\t\t<\/div>\n\t\t\t\t\t\t\t<\/div>\n\t\t<\/section>\n\t\t\t\t\t\t\t<\/div>\n\t\t","protected":false},"excerpt":{"rendered":"<p>bohaterowie wiek\u00f3w Strona z grami planszowymi oraz materia\u0142ami edukacyjnymi na temat wa\u017cnych postaci historycznych Dzi\u0119ki otrzymaniu dofinansowania ze \u015brodk\u00f3w Fundacji PZU, jako Fundacja Fylion w ramach projektu &#8222;\u017bo\u0142nierze wykl\u0119ci &#8211; planszowa gra edukacyjna&#8221;, opracowali\u015bmy i wydali\u015bmy planszow\u0105 gr\u0119 edukacyjn\u0105 o nazwie &#8222;Bohaterowie Wykl\u0119ci&#8221;. Opracowane egzemplarze gry planszowej trafi\u0142y do stu szk\u00f3\u0142 i bibliotek z ca\u0142ej [&hellip;]<\/p>\n","protected":false},"author":1,"featured_media":0,"parent":0,"menu_order":0,"comment_status":"closed","ping_status":"closed","template":"","meta":{"_mi_skip_tracking":false},"yoast_head":"<!-- This site is optimized with the Yoast SEO plugin v20.7 - https:\/\/yoast.com\/wordpress\/plugins\/seo\/ -->\n<title>Strona g\u0142\u00f3wna - Bohaterowie wiekow<\/title>\n<meta name=\"robots\" content=\"index, follow, max-snippet:-1, max-image-preview:large, max-video-preview:-1\" \/>\n<link rel=\"canonical\" href=\"https:\/\/bohaterowiewiekow.com\/index.php\/strona-glowna\/\" \/>\n<meta property=\"og:locale\" content=\"pl_PL\" \/>\n<meta property=\"og:type\" content=\"article\" \/>\n<meta property=\"og:title\" content=\"Strona g\u0142\u00f3wna - Bohaterowie wiekow\" \/>\n<meta property=\"og:description\" content=\"bohaterowie wiek\u00f3w Strona z grami planszowymi oraz materia\u0142ami edukacyjnymi na temat wa\u017cnych postaci historycznych Dzi\u0119ki otrzymaniu dofinansowania ze \u015brodk\u00f3w Fundacji PZU, jako Fundacja Fylion w ramach projektu &#8222;\u017bo\u0142nierze wykl\u0119ci &#8211; planszowa gra edukacyjna&#8221;, opracowali\u015bmy i wydali\u015bmy planszow\u0105 gr\u0119 edukacyjn\u0105 o nazwie &#8222;Bohaterowie Wykl\u0119ci&#8221;. Opracowane egzemplarze gry planszowej trafi\u0142y do stu szk\u00f3\u0142 i bibliotek z ca\u0142ej [&hellip;]\" \/>\n<meta property=\"og:url\" content=\"https:\/\/bohaterowiewiekow.com\/index.php\/strona-glowna\/\" \/>\n<meta property=\"og:site_name\" content=\"Bohaterowie wiekow\" \/>\n<meta property=\"article:modified_time\" content=\"2023-06-30T12:14:30+00:00\" \/>\n<meta property=\"og:image\" content=\"https:\/\/bohaterowiewiekow.com\/wp-content\/uploads\/2023\/06\/logo-fundacja-pzu-pion_rgb.jpg\" \/>\n<meta name=\"twitter:card\" content=\"summary_large_image\" \/>\n<meta name=\"twitter:label1\" content=\"Szacowany czas czytania\" \/>\n\t<meta name=\"twitter:data1\" content=\"2 minuty\" \/>\n<script type=\"application\/ld+json\" class=\"yoast-schema-graph\">{\"@context\":\"https:\/\/schema.org\",\"@graph\":[{\"@type\":\"WebPage\",\"@id\":\"https:\/\/bohaterowiewiekow.com\/index.php\/strona-glowna\/\",\"url\":\"https:\/\/bohaterowiewiekow.com\/index.php\/strona-glowna\/\",\"name\":\"Strona g\u0142\u00f3wna - Bohaterowie wiekow\",\"isPartOf\":{\"@id\":\"https:\/\/bohaterowiewiekow.com\/#website\"},\"datePublished\":\"2023-05-11T08:23:04+00:00\",\"dateModified\":\"2023-06-30T12:14:30+00:00\",\"breadcrumb\":{\"@id\":\"https:\/\/bohaterowiewiekow.com\/index.php\/strona-glowna\/#breadcrumb\"},\"inLanguage\":\"pl-PL\",\"potentialAction\":[{\"@type\":\"ReadAction\",\"target\":[\"https:\/\/bohaterowiewiekow.com\/index.php\/strona-glowna\/\"]}]},{\"@type\":\"BreadcrumbList\",\"@id\":\"https:\/\/bohaterowiewiekow.com\/index.php\/strona-glowna\/#breadcrumb\",\"itemListElement\":[{\"@type\":\"ListItem\",\"position\":1,\"name\":\"Strona g\u0142\u00f3wna\",\"item\":\"https:\/\/bohaterowiewiekow.com\/\"},{\"@type\":\"ListItem\",\"position\":2,\"name\":\"Strona g\u0142\u00f3wna\"}]},{\"@type\":\"WebSite\",\"@id\":\"https:\/\/bohaterowiewiekow.com\/#website\",\"url\":\"https:\/\/bohaterowiewiekow.com\/\",\"name\":\"Bohaterowie wiekow\",\"description\":\"Strona o Bohaterach wykl\u0119tych\",\"potentialAction\":[{\"@type\":\"SearchAction\",\"target\":{\"@type\":\"EntryPoint\",\"urlTemplate\":\"https:\/\/bohaterowiewiekow.com\/?s={search_term_string}\"},\"query-input\":\"required name=search_term_string\"}],\"inLanguage\":\"pl-PL\"}]}<\/script>\n<!-- \/ Yoast SEO plugin. -->","yoast_head_json":{"title":"Strona g\u0142\u00f3wna - Bohaterowie wiekow","robots":{"index":"index","follow":"follow","max-snippet":"max-snippet:-1","max-image-preview":"max-image-preview:large","max-video-preview":"max-video-preview:-1"},"canonical":"https:\/\/bohaterowiewiekow.com\/index.php\/strona-glowna\/","og_locale":"pl_PL","og_type":"article","og_title":"Strona g\u0142\u00f3wna - Bohaterowie wiekow","og_description":"bohaterowie wiek\u00f3w Strona z grami planszowymi oraz materia\u0142ami edukacyjnymi na temat wa\u017cnych postaci historycznych Dzi\u0119ki otrzymaniu dofinansowania ze \u015brodk\u00f3w Fundacji PZU, jako Fundacja Fylion w ramach projektu &#8222;\u017bo\u0142nierze wykl\u0119ci &#8211; planszowa gra edukacyjna&#8221;, opracowali\u015bmy i wydali\u015bmy planszow\u0105 gr\u0119 edukacyjn\u0105 o nazwie &#8222;Bohaterowie Wykl\u0119ci&#8221;. Opracowane egzemplarze gry planszowej trafi\u0142y do stu szk\u00f3\u0142 i bibliotek z ca\u0142ej [&hellip;]","og_url":"https:\/\/bohaterowiewiekow.com\/index.php\/strona-glowna\/","og_site_name":"Bohaterowie wiekow","article_modified_time":"2023-06-30T12:14:30+00:00","og_image":[{"url":"https:\/\/bohaterowiewiekow.com\/wp-content\/uploads\/2023\/06\/logo-fundacja-pzu-pion_rgb.jpg"}],"twitter_card":"summary_large_image","twitter_misc":{"Szacowany czas czytania":"2 minuty"},"schema":{"@context":"https:\/\/schema.org","@graph":[{"@type":"WebPage","@id":"https:\/\/bohaterowiewiekow.com\/index.php\/strona-glowna\/","url":"https:\/\/bohaterowiewiekow.com\/index.php\/strona-glowna\/","name":"Strona g\u0142\u00f3wna - Bohaterowie wiekow","isPartOf":{"@id":"https:\/\/bohaterowiewiekow.com\/#website"},"datePublished":"2023-05-11T08:23:04+00:00","dateModified":"2023-06-30T12:14:30+00:00","breadcrumb":{"@id":"https:\/\/bohaterowiewiekow.com\/index.php\/strona-glowna\/#breadcrumb"},"inLanguage":"pl-PL","potentialAction":[{"@type":"ReadAction","target":["https:\/\/bohaterowiewiekow.com\/index.php\/strona-glowna\/"]}]},{"@type":"BreadcrumbList","@id":"https:\/\/bohaterowiewiekow.com\/index.php\/strona-glowna\/#breadcrumb","itemListElement":[{"@type":"ListItem","position":1,"name":"Strona g\u0142\u00f3wna","item":"https:\/\/bohaterowiewiekow.com\/"},{"@type":"ListItem","position":2,"name":"Strona g\u0142\u00f3wna"}]},{"@type":"WebSite","@id":"https:\/\/bohaterowiewiekow.com\/#website","url":"https:\/\/bohaterowiewiekow.com\/","name":"Bohaterowie wiekow","description":"Strona o Bohaterach wykl\u0119tych","potentialAction":[{"@type":"SearchAction","target":{"@type":"EntryPoint","urlTemplate":"https:\/\/bohaterowiewiekow.com\/?s={search_term_string}"},"query-input":"required name=search_term_string"}],"inLanguage":"pl-PL"}]}},"_links":{"self":[{"href":"https:\/\/bohaterowiewiekow.com\/index.php\/wp-json\/wp\/v2\/pages\/6"}],"collection":[{"href":"https:\/\/bohaterowiewiekow.com\/index.php\/wp-json\/wp\/v2\/pages"}],"about":[{"href":"https:\/\/bohaterowiewiekow.com\/index.php\/wp-json\/wp\/v2\/types\/page"}],"author":[{"embeddable":true,"href":"https:\/\/bohaterowiewiekow.com\/index.php\/wp-json\/wp\/v2\/users\/1"}],"replies":[{"embeddable":true,"href":"https:\/\/bohaterowiewiekow.com\/index.php\/wp-json\/wp\/v2\/comments?post=6"}],"version-history":[{"count":28,"href":"https:\/\/bohaterowiewiekow.com\/index.php\/wp-json\/wp\/v2\/pages\/6\/revisions"}],"predecessor-version":[{"id":458,"href":"https:\/\/bohaterowiewiekow.com\/index.php\/wp-json\/wp\/v2\/pages\/6\/revisions\/458"}],"wp:attachment":[{"href":"https:\/\/bohaterowiewiekow.com\/index.php\/wp-json\/wp\/v2\/media?parent=6"}],"curies":[{"name":"wp","href":"https:\/\/api.w.org\/{rel}","templated":true}]}}